{"id":401,"date":"2020-12-16T17:13:05","date_gmt":"2020-12-16T17:13:05","guid":{"rendered":"http:\/\/aquinaocomes.pt\/lisboa\/?page_id=401"},"modified":"2025-09-30T16:30:31","modified_gmt":"2025-09-30T16:30:31","slug":"condicoes-venda","status":"publish","type":"page","link":"http:\/\/aquinaocomes.pt\/lisboa\/condicoes-venda\/","title":{"rendered":"Condi\u00e7\u00f5es de venda"},"content":{"rendered":"<p>[et_pb_section fb_built=&#8221;1&#8243; admin_label=&#8221;Header&#8221; _builder_version=&#8221;4.16&#8243; background_color=&#8221;rgba(0,0,0,0.62)&#8221; background_image=&#8221;http:\/\/aquinaocomes.pt\/lisboa\/wp-content\/uploads\/2020\/06\/lisbon-food-arroz-con-marisco.jpg&#8221; background_blend=&#8221;multiply&#8221; custom_padding=&#8221;0|0px|0|0px|false|false&#8221; locked=&#8221;off&#8221; global_colors_info=&#8221;{}&#8221;][et_pb_row column_structure=&#8221;3_5,2_5&#8243; _builder_version=&#8221;4.16&#8243; custom_padding=&#8221;0|0px|0|0px|false|false&#8221; global_colors_info=&#8221;{}&#8221;][et_pb_column type=&#8221;3_5&#8243; _builder_version=&#8221;4.16&#8243; custom_padding=&#8221;180px|||&#8221; custom_padding_tablet=&#8221;40px|||&#8221; custom_padding_phone=&#8221;&#8221; custom_padding_last_edited=&#8221;on|tablet&#8221; global_colors_info=&#8221;{}&#8221; custom_padding__hover=&#8221;|||&#8221;][et_pb_text _builder_version=&#8221;4.16&#8243; text_font=&#8221;Open Sans|700|||||||&#8221; text_text_color=&#8221;#ffffff&#8221; text_font_size=&#8221;24px&#8221; text_line_height=&#8221;1.8em&#8221; header_font=&#8221;Open Sans|700|||||||&#8221; header_text_color=&#8221;#ffffff&#8221; header_font_size=&#8221;90px&#8221; header_line_height=&#8221;1.2em&#8221; custom_margin=&#8221;||60px&#8221; custom_margin_tablet=&#8221;||30px|&#8221; custom_margin_phone=&#8221;&#8221; custom_margin_last_edited=&#8221;on|tablet&#8221; text_font_size_tablet=&#8221;24px&#8221; text_font_size_phone=&#8221;16px&#8221; text_font_size_last_edited=&#8221;on|phone&#8221; header_font_size_tablet=&#8221;50px&#8221; header_font_size_phone=&#8221;32px&#8221; header_font_size_last_edited=&#8221;on|phone&#8221; global_colors_info=&#8221;{}&#8221;]<\/p>\n<h1>CONDI\u00c7\u00d5ES<\/h1>\n<p><strong>DE VENDA<\/strong><\/p>\n<p>[\/et_pb_text][\/et_pb_column][et_pb_column type=&#8221;2_5&#8243; _builder_version=&#8221;4.16&#8243; custom_padding=&#8221;|||&#8221; global_colors_info=&#8221;{}&#8221; custom_padding__hover=&#8221;|||&#8221;][\/et_pb_column][\/et_pb_row][\/et_pb_section][et_pb_section fb_built=&#8221;1&#8243; _builder_version=&#8221;4.16&#8243; _module_preset=&#8221;default&#8221; global_colors_info=&#8221;{}&#8221;][et_pb_row _builder_version=&#8221;4.16&#8243; _module_preset=&#8221;default&#8221; global_colors_info=&#8221;{}&#8221;][et_pb_column type=&#8221;4_4&#8243; _builder_version=&#8221;4.16&#8243; _module_preset=&#8221;default&#8221; global_colors_info=&#8221;{}&#8221;][et_pb_text _builder_version=&#8221;4.19.2&#8243; _module_preset=&#8221;default&#8221; text_font=&#8221;Open Sans||||||||&#8221; header_4_font=&#8221;Open Sans|700|||||||&#8221; header_4_font_size=&#8221;21px&#8221; global_colors_info=&#8221;{}&#8221;]<\/p>\n<h4><strong>1. Condi\u00e7\u00f5es de venda<\/strong><\/h4>\n<p>Os pre\u00e7os de venda do Aqui N\u00e3o Comes Lisboa j\u00e1 t\u00eam o IVA inclu\u00eddo \u00e0 taxa legal em vigor.<\/p>\n<h4><strong>2. Como Encomendar<\/strong><\/h4>\n<p>&#8211; por e-mail: <a href=\"mailto:lisboa@aquinaocomes.pt\">lisboa@aquinaocomes.pt<\/a><\/p>\n<p>&#8211; por telefone: (+351) 936 727 720 (chamada rede m\u00f3vel nacional)<\/p>\n<p>&#8211; por whatsapp: (+351) 936 727 720<\/p>\n<p>&#8211; por messenger<\/p>\n<p>&#8211; <a href=\"https:\/\/go.vendus.pt\/mauricia-rita-lda\/\">loja online<\/a><\/p>\n<p>&#8211; presencialmente na nossa loja: Rua de Entrecampos, n\u00ba 2b, 1000-152 Lisboa, junto ao Campo Pequeno<\/p>\n<p><span>As encomendas das refei\u00e7\u00f5es ultracongeladas podem ser entregues no pr\u00f3prio dia da encomenda, exceto caso haja rutura de stock, e as de refei\u00e7\u00f5es pronto a comer devem ser encomendadas at\u00e9 \u00e0s 12h do dia anterior.\u00a0<\/span><\/p>\n<h4><strong>3. Entregas ao domic\u00edlio<\/strong><\/h4>\n<p>O Aqui N\u00e3o Comes Lisboa faz entregas ao domic\u00edlio. <span>A entrega das encomendas realizar-se-\u00e1 conforme solicitado, e durante o per\u00edodo de funcionamento da loja, de segunda a s\u00e1bado. Em situa\u00e7\u00f5es especiais, sugerimos que entre em contacto connosco.<\/span><br \/>O pagamento dever\u00e1 ser feito atrav\u00e9s:<\/p>\n<ul>\n<li>MBWAY (+351) 939072413;<\/li>\n<li>Multibanco;<\/li>\n<li>Cart\u00e3o de Cr\u00e9dito;<\/li>\n<li>No ato da entrega atrav\u00e9s de numer\u00e1rio.<\/li>\n<\/ul>\n<h4><strong>3.1. Taxa de Entrega<\/strong><\/h4>\n<p><strong><span>Entregas gr\u00e1tis para encomendas superiores a \u20ac 80,00.<\/span><\/strong><\/p>\n<p><strong><span>Taxa de Entrega 1: 3,50\u20ac<\/span><\/strong><\/p>\n<p>Para as zonas do Distrito Lisboa, Concelho Lisboa.<\/p>\n<p><strong><span>Taxa de Entrega 2: 8,00\u20ac<\/span><\/strong><\/p>\n<p>Para as zonas do Distrito Lisboa, Concelhos: Amadora, Cascais, Loures, Oeiras, Odivelas e Sintra.<\/p>\n<p><strong><span>Taxa de Entrega 3: 12,00\u20ac<\/span><\/strong><\/p>\n<p>Para as zonas do Distrito Lisboa, Concelhos: Azambuja e Vila Franca de Xira.<\/p>\n<p>Para as zonas do Distrito Set\u00fabal, Concelhos: Alcochete, Almada, Moita e Montijo.<\/p>\n<p>[\/et_pb_text][\/et_pb_column][\/et_pb_row][\/et_pb_section]<\/p>\n","protected":false},"excerpt":{"rendered":"<p>CONDI\u00c7\u00d5ES DE VENDA1. Condi\u00e7\u00f5es de venda Os pre\u00e7os de venda do Aqui N\u00e3o Comes Lisboa j\u00e1 t\u00eam o IVA inclu\u00eddo \u00e0 taxa legal em vigor. 2. Como Encomendar &#8211; por e-mail: lisboa@aquinaocomes.pt &#8211; por telefone: (+351) 936 727 720 (chamada rede m\u00f3vel nacional) &#8211; por whatsapp: (+351) 936 727 720 &#8211; por messenger &#8211; loja [&hellip;]<\/p>\n","protected":false},"author":1,"featured_media":0,"parent":0,"menu_order":0,"comment_status":"closed","ping_status":"closed","template":"","meta":{"_et_pb_use_builder":"on","_et_pb_old_content":"","_et_gb_content_width":"1080","inline_featured_image":false},"_links":{"self":[{"href":"http:\/\/aquinaocomes.pt\/lisboa\/wp-json\/wp\/v2\/pages\/401"}],"collection":[{"href":"http:\/\/aquinaocomes.pt\/lisboa\/wp-json\/wp\/v2\/pages"}],"about":[{"href":"http:\/\/aquinaocomes.pt\/lisboa\/wp-json\/wp\/v2\/types\/page"}],"author":[{"embeddable":true,"href":"http:\/\/aquinaocomes.pt\/lisboa\/wp-json\/wp\/v2\/users\/1"}],"replies":[{"embeddable":true,"href":"http:\/\/aquinaocomes.pt\/lisboa\/wp-json\/wp\/v2\/comments?post=401"}],"version-history":[{"count":30,"href":"http:\/\/aquinaocomes.pt\/lisboa\/wp-json\/wp\/v2\/pages\/401\/revisions"}],"predecessor-version":[{"id":1298,"href":"http:\/\/aquinaocomes.pt\/lisboa\/wp-json\/wp\/v2\/pages\/401\/revisions\/1298"}],"wp:attachment":[{"href":"http:\/\/aquinaocomes.pt\/lisboa\/wp-json\/wp\/v2\/media?parent=401"}],"curies":[{"name":"wp","href":"https:\/\/api.w.org\/{rel}","templated":true}]}}