{"id":13,"date":"2020-06-29T10:58:27","date_gmt":"2020-06-29T10:58:27","guid":{"rendered":"http:\/\/aquinaocomes.pt\/?page_id=13"},"modified":"2025-09-30T16:36:22","modified_gmt":"2025-09-30T16:36:22","slug":"inicio","status":"publish","type":"page","link":"http:\/\/aquinaocomes.pt\/lisboa\/","title":{"rendered":"In\u00edcio"},"content":{"rendered":"<p>[et_pb_section fb_built=&#8221;1&#8243; admin_label=&#8221;Header&#8221; _builder_version=&#8221;4.16&#8243; background_color=&#8221;#f6cb1c&#8221; background_enable_image=&#8221;off&#8221; custom_padding=&#8221;150px||150px||false|false&#8221; global_colors_info=&#8221;{}&#8221;][et_pb_row column_structure=&#8221;1_4,1_2,1_4&#8243; _builder_version=&#8221;4.16&#8243; custom_padding=&#8221;||0px|||&#8221; global_colors_info=&#8221;{}&#8221;][et_pb_column type=&#8221;1_4&#8243; _builder_version=&#8221;4.16&#8243; global_colors_info=&#8221;{}&#8221;][\/et_pb_column][et_pb_column type=&#8221;1_2&#8243; _builder_version=&#8221;4.16&#8243; global_colors_info=&#8221;{}&#8221;][et_pb_text _builder_version=&#8221;4.16&#8243; text_font=&#8221;Open Sans||||||||&#8221; header_font=&#8221;Open Sans|800||on|||||&#8221; header_text_align=&#8221;center&#8221; header_font_size=&#8221;35px&#8221; header_2_font=&#8221;Open Sans|300||on|||||&#8221; header_2_font_size=&#8221;32px&#8221; text_orientation=&#8221;center&#8221; custom_margin=&#8221;||-2px|||&#8221; global_colors_info=&#8221;{}&#8221;]<\/p>\n<h2 style=\"text-align: center;\"><span style=\"color: #ffffff;\">Bem-Vindo ao<\/span><\/h2>\n<p>[\/et_pb_text][\/et_pb_column][et_pb_column type=&#8221;1_4&#8243; _builder_version=&#8221;4.16&#8243; global_colors_info=&#8221;{}&#8221;][\/et_pb_column][\/et_pb_row][et_pb_row column_structure=&#8221;1_4,1_2,1_4&#8243; _builder_version=&#8221;4.16&#8243; global_colors_info=&#8221;{}&#8221;][et_pb_column type=&#8221;1_4&#8243; _builder_version=&#8221;4.16&#8243; global_colors_info=&#8221;{}&#8221;][\/et_pb_column][et_pb_column type=&#8221;1_2&#8243; _builder_version=&#8221;4.16&#8243; global_colors_info=&#8221;{}&#8221;][et_pb_image src=&#8221;http:\/\/aquinaocomes.pt\/lisboa\/wp-content\/uploads\/2020\/12\/Asset-3.png&#8221; title_text=&#8221;Asset 3&#8243; align=&#8221;center&#8221; _builder_version=&#8221;4.16&#8243; global_colors_info=&#8221;{}&#8221;][\/et_pb_image][\/et_pb_column][et_pb_column type=&#8221;1_4&#8243; _builder_version=&#8221;4.16&#8243; global_colors_info=&#8221;{}&#8221;][\/et_pb_column][\/et_pb_row][\/et_pb_section][et_pb_section fb_built=&#8221;1&#8243; admin_label=&#8221;Services&#8221; _builder_version=&#8221;4.16&#8243; global_colors_info=&#8221;{}&#8221;][et_pb_row column_structure=&#8221;2_5,3_5&#8243; padding_top_bottom_link_2=&#8221;false&#8221; _builder_version=&#8221;4.16&#8243; global_colors_info=&#8221;{}&#8221;][et_pb_column type=&#8221;2_5&#8243; _builder_version=&#8221;4.16&#8243; custom_padding=&#8221;|||&#8221; global_colors_info=&#8221;{}&#8221; custom_padding__hover=&#8221;|||&#8221;][et_pb_image src=&#8221;http:\/\/aquinaocomes.pt\/lisboa\/wp-content\/uploads\/2024\/10\/e68e1516-677b-4cc6-ad52-070cc69672af.jpg&#8221; title_text=&#8221;e68e1516-677b-4cc6-ad52-070cc69672af&#8221; align_tablet=&#8221;center&#8221; align_phone=&#8221;&#8221; align_last_edited=&#8221;on|desktop&#8221; _builder_version=&#8221;4.27.2&#8243; background_image=&#8221;http:\/\/aquinaocomes.pt\/lisboa\/wp-content\/uploads\/2020\/12\/BEM-VINDO-AO-AQUI-NA\u0303O-COMES-LISBOA-2.png&#8221; parallax=&#8221;on&#8221; transform_scale=&#8221;71%|71%&#8221; max_width_tablet=&#8221;200px&#8221; max_width_phone=&#8221;&#8221; max_width_last_edited=&#8221;on|tablet&#8221; custom_margin=&#8221;|||-10vw&#8221; custom_margin_tablet=&#8221;-30vw|||0vw&#8221; custom_margin_phone=&#8221;&#8221; custom_margin_last_edited=&#8221;on|phone&#8221; animation_style=&#8221;slide&#8221; animation_direction=&#8221;bottom&#8221; animation_intensity_slide=&#8221;10%&#8221; global_colors_info=&#8221;{}&#8221;][\/et_pb_image][et_pb_text _builder_version=&#8221;4.27.2&#8243; text_font=&#8221;||||||||&#8221; text_line_height=&#8221;2em&#8221; header_font=&#8221;||||||||&#8221; header_2_font=&#8221;Open Sans|800|||||||&#8221; header_2_font_size=&#8221;36px&#8221; header_2_line_height=&#8221;1.4em&#8221; header_3_font=&#8221;||||||||&#8221; header_4_font=&#8221;Patua One|||on|||||&#8221; header_4_text_color=&#8221;#a06d51&#8243; header_4_font_size=&#8221;14px&#8221; header_4_letter_spacing=&#8221;1px&#8221; header_4_line_height=&#8221;1.4em&#8221; header_2_font_size_tablet=&#8221;26px&#8221; header_2_font_size_phone=&#8221;20px&#8221; header_2_font_size_last_edited=&#8221;on|phone&#8221; locked=&#8221;off&#8221; global_colors_info=&#8221;{}&#8221;]<\/p>\n<h2>Os nossos servi\u00e7os<\/h2>\n<p>[\/et_pb_text][et_pb_text _builder_version=&#8221;4.27.2&#8243; text_font=&#8221;||||||||&#8221; text_line_height=&#8221;2em&#8221; header_font=&#8221;||||||||&#8221; header_2_font=&#8221;Open Sans|800|||||||&#8221; header_2_font_size=&#8221;36px&#8221; header_2_line_height=&#8221;1.4em&#8221; header_3_font=&#8221;||||||||&#8221; header_4_font=&#8221;Patua One|||on|||||&#8221; header_4_text_color=&#8221;#a06d51&#8243; header_4_font_size=&#8221;14px&#8221; header_4_letter_spacing=&#8221;1px&#8221; header_4_line_height=&#8221;1.4em&#8221; header_2_font_size_tablet=&#8221;26px&#8221; header_2_font_size_phone=&#8221;20px&#8221; header_2_font_size_last_edited=&#8221;on|phone&#8221; border_radii=&#8221;on|3px|3px|3px|3px&#8221; border_width_all=&#8221;1px&#8221; border_color_all=&#8221;#D6D6D6&#8243; locked=&#8221;off&#8221; global_colors_info=&#8221;{}&#8221;]<\/p>\n<div>\n<p><span data-canva-clipboard=\"ewAiAGEAIgA6ADUALAAiAGgAIgA6ACIAdwB3AHcALgBjAGEAbgB2AGEALgBjAG8AbQAiACwAIgBjACIAOgAiAEQAQQBHAFAAVgB6AEMANQBSAGkAWQAiACwAIgBpACIAOgAiAFIAaABLADYAcwBkAEsAUwBiAFIAbwBMAGQAUwBwAHUAVQA3AF8AMABsAFEAIgAsACIAYgAiADoAMQA3ADIAOQAwADkANgAzADgANgA5ADYANwAsACIAagAiADoAWwB7AH0AXQAsACIAQQA\/ACIAOgAiAEIAIgAsACIAQQAiADoAWwB7ACIAQQAiADoANQAyAC4AMwA5ADgANgA5ADUAMwA5ADQAMwA2ADgANwAzACwAIgBCACIAOgA0AC4ANwA3ADcAMgAwADcAMwA0ADQANAA0ADkANAAzADcALAAiAEQAIgA6ADMANQA0AC4AMwAxADkANwA2ADMAOAA1ADMAOQA1ADQAMQA2ACwAIgBDACIAOgAyADQAOAAuADUAMQAyADgAMgA5ADcAOQAyADkAMAAxADAANAAsACIAQQA\/ACIAOgAiAEoAIgAsACIAYQAiADoAewAiAEQAIgA6ADEANQAwAC4ANwAsACIAQwAiADoAMQA1ADAALgA3AH0ALAAiAGIAIgA6AFsAewAiAEEAIgA6ACIATQAwACAAMABoADEANQAwAC4ANwB2ADEANQAwAC4ANwBIADAAegAiACwAIgBCACIAOgB7ACIAQwAiADoAIgAjAGYAOABmADcAZgAzACIAfQB9AF0ALAAiAGMAIgA6AHsAIgBBACIAOgB7ACIAQQAiADoANgAsACIAQgAiADoANgAsACIARAAiADoAMQAzADgALgA3ACwAIgBDACIAOgAxADMAOAAuADcAfQAsACIAQgAiADoAMQAyADEALgA5ADEANQA3ADAANgA5ADkAMAAyADIAMwA3ADMALAAiAEMAIgA6ADgAMQAuADkAMgA1ADgAMQAxADMANQAxADUAMAA4ADMANAAsACIARAAiADoAIgBBACIALAAiAEUAIgA6ACIAQQAiAH0AfQAsAHsAIgBBACIAOgA1ADcALgA5ADkAMgAxADkAOQAyADAAOQA3ADYAOQA0ADgALAAiAEIAIgA6ADEAMgAuADEANQAzADIAMQA2ADYAOAA1ADcANgA0ADEAOQAzACwAIgBEACIAOgAyADIANwAuADgANgA0ADgANwA2ADkANQAzADUAOQA2ADAAOAAsACIAQwAiADoANAA1AC4AMQAzADMAMwAzACwAIgBOACIAOgAiAGgAZQBhAGQAaQBuAGcAMQAiACwAIgBBAD8AIgA6ACIASwAiACwAIgBhACIAOgB7ACIAQQAiADoAWwB7ACIAQQA\/ACIAOgAiAEEAIgAsACIAQQAiADoAIgBMAG8AagBhAFwAbgBGAO0AcwBpAGMAYQAgAGUAIABPAG4AbABpAG4AZQBcAG4AIgB9AF0ALAAiAEIAIgA6AFsAewAiAEEAPwAiADoAIgBBACIALAAiAEEAIgA6AHsAIgBmAG8AbgB0AC0AcwBpAHoAZQAiADoAewAiAEIAIgA6ACIAMgAxAC4AMwAzADMAMwAiAH0ALAAiAGwAZQBhAGQAaQBuAGcAIgA6AHsAIgBCACIAOgAiADEAMwAwADAALgAwACIAfQAsACIAZgBvAG4AdAAtAHMAdAB5AGwAZQAiADoAewAiAEIAIgA6ACIAaQB0AGEAbABpAGMAIgB9ACwAIgB0AHIAYQBjAGsAaQBuAGcAIgA6AHsAIgBCACIAOgAiADEAMAAwAC4AMAAiAH0ALAAiAGMAbwBsAG8AcgAiADoAewAiAEIAIgA6ACIAIwA0AGQANQA2ADUAZAAiAH0ALAAiAGYAbwBuAHQALQBmAGEAbQBpAGwAeQAiADoAewAiAEIAIgA6ACIAWQBBAEQANwBRAHkAYgBqAHcAMQBJACwAMAAiAH0ALAAiAHMAdAB5AGwAZQAiADoAewAiAEIAIgA6ACIAaABlAGEAZABpAG4AZwAxACIAfQB9AH0ALAB7ACIAQQA\/ACIAOgAiAEIAIgAsACIAQQAiADoANgB9ACwAewAiAEEAPwAiADoAIgBBACIALAAiAEEAIgA6AHsAIgBmAG8AbgB0AC0AZgBhAG0AaQBsAHkAIgA6AHsAIgBCACIAOgAiAFkAQQBGAGQASgB0ADgAZABBAFkAMAAsADAAIgB9ACwAIgBmAG8AbgB0AC0AcwBpAHoAZQAiADoAewAiAEIAIgA6ACIAMQA2AC4AMAAwADAAMQAiAH0AfQB9ACwAewAiAEEAPwAiADoAIgBCACIALAAiAEEAIgA6ADEANAB9ACwAewAiAEEAPwAiADoAIgBBACIALAAiAEEAIgA6AHsAIgB0AGUAeAB0AC0AdAByAGEAbgBzAGYAbwByAG0AIgA6AHsAIgBCACIAOgAiAG4AbwBuAGUAIgB9AH0AfQAsAHsAIgBBAD8AIgA6ACIAQgAiACwAIgBBACIAOgAxAH0ALAB7ACIAQQA\/ACIAOgAiAEEAIgAsACIAQQAiADoAewAiAHQAZQB4AHQALQB0AHIAYQBuAHMAZgBvAHIAbQAiADoAewB9ACwAIgBmAG8AbgB0AC0AcwBpAHoAZQAiADoAewB9ACwAIgBzAHQAeQBsAGUAIgA6AHsAfQAsACIAZgBvAG4AdAAtAGYAYQBtAGkAbAB5ACIAOgB7AH0ALAAiAGMAbwBsAG8AcgAiADoAewB9ACwAIgBmAG8AbgB0AC0AcwB0AHkAbABlACIAOgB7AH0ALAAiAGwAZQBhAGQAaQBuAGcAIgA6AHsAfQAsACIAdAByAGEAYwBrAGkAbgBnACIAOgB7AH0AfQB9AF0AfQAsACIAYgAiADoAewAiAEEAIgA6AFsANQAsADEANgBdAH0ALAAiAGQAIgA6ACIAQwAiACwAIgBnACIAOgBmAGEAbABzAGUALAAiAGgAIgA6ACIAQQAiAH0ALAB7ACIAQQAiADoAMQAxADMALgAxADgAMgA4ADAAMAA1ADAAOQAwADkAOQA4ADYALAAiAEIAIgA6ADEAMgAuADAAOQAwADgAMAA1ADYANwAzADMAMwA5ADMANgAsACIARAAiADoAMwA0ADUALgA5ADUAMQA5ADUAMgA2ADMAMwA5ADQAMQAzADUALAAiAEMAIgA6ADYANQAuADEAMwAzADMAMwAsACIATgAiADoAIgBoAGUAYQBkAGkAbgBnADEAIgAsACIAQQA\/ACIAOgAiAEsAIgAsACIAYQAiADoAewAiAEEAIgA6AFsAewAiAEEAPwAiADoAIgBBACIALAAiAEEAIgA6ACIARQBuAHQAcgBlAGcAYQBzACAAYQBvACAAZABvAG0A7QBjAGkAbABpAG8AXABuAEUAbgB0AHIAZQBnAGEAcwAgAGQAZQAgAHMAZQBnAHUAbgBkAGEAIABhACAAcwDhAGIAYQBkAG8ALAAgAG4AYQAgAEcAcgBhAG4AZABlACAATABpAHMAYgBvAGEALgAgAFwAbgAiAH0AXQAsACIAQgAiADoAWwB7ACIAQQA\/ACIAOgAiAEEAIgAsACIAQQAiADoAewAiAGwAZQBhAGQAaQBuAGcAIgA6AHsAIgBCACIAOgAiADEAMwAwADAALgAwACIAfQAsACIAZgBvAG4AdAAtAHMAaQB6AGUAIgA6AHsAIgBCACIAOgAiADIAMQAuADMAMwAzADMAIgB9ACwAIgBzAHQAeQBsAGUAIgA6AHsAIgBCACIAOgAiAGgAZQBhAGQAaQBuAGcAMQAiAH0ALAAiAGYAbwBuAHQALQBmAGEAbQBpAGwAeQAiADoAewAiAEIAIgA6ACIAWQBBAEQANwBRAHkAYgBqAHcAMQBJACwAMAAiAH0ALAAiAGMAbwBsAG8AcgAiADoAewAiAEIAIgA6ACIAIwA0AGQANQA2ADUAZAAiAH0ALAAiAHQAcgBhAGMAawBpAG4AZwAiADoAewAiAEIAIgA6ACIAMQAwADAALgAwACIAfQAsACIAZgBvAG4AdAAtAHMAdAB5AGwAZQAiADoAewAiAEIAIgA6ACIAaQB0AGEAbABpAGMAIgB9AH0AfQAsAHsAIgBBAD8AIgA6ACIAQgAiACwAIgBBACIAOgAyADIAfQAsAHsAIgBBAD8AIgA6ACIAQQAiACwAIgBBACIAOgB7ACIAZgBvAG4AdAAtAGYAYQBtAGkAbAB5ACIAOgB7ACIAQgAiADoAIgBZAEEARgBkAEoAdAA4AGQAQQBZADAALAAwACIAfQB9AH0ALAB7ACIAQQA\/ACIAOgAiAEIAIgAsACIAQQAiADoANAA4AH0ALAB7ACIAQQA\/ACIAOgAiAEEAIgAsACIAQQAiADoAewAiAHQAZQB4AHQALQB0AHIAYQBuAHMAZgBvAHIAbQAiADoAewAiAEIAIgA6ACIAbgBvAG4AZQAiAH0ALAAiAGYAbwBuAHQALQBzAGkAegBlACIAOgB7ACIAQgAiADoAIgAxADYALgAwADAAMAAxACIAfQB9AH0ALAB7ACIAQQA\/ACIAOgAiAEIAIgAsACIAQQAiADoAMQB9ACwAewAiAEEAPwAiADoAIgBBACIALAAiAEEAIgA6AHsAIgB0AGUAeAB0AC0AdAByAGEAbgBzAGYAbwByAG0AIgA6AHsAfQAsACIAdAByAGEAYwBrAGkAbgBnACIAOgB7AH0ALAAiAGwAZQBhAGQAaQBuAGcAIgA6AHsAfQAsACIAZgBvAG4AdAAtAHMAdAB5AGwAZQAiADoAewB9ACwAIgBjAG8AbABvAHIAIgA6AHsAfQAsACIAZgBvAG4AdAAtAGYAYQBtAGkAbAB5ACIAOgB7AH0ALAAiAHMAdAB5AGwAZQAiADoAewB9ACwAIgBmAG8AbgB0AC0AcwBpAHoAZQAiADoAewB9AH0AfQBdAH0ALAAiAGIAIgA6AHsAIgBBACIAOgBbADIAMgAsADMAMwAsADEANgBdAH0ALAAiAGQAIgA6ACIAQwAiACwAIgBnACIAOgBmAGEAbABzAGUALAAiAGgAIgA6ACIAQQAiAH0ALAB7ACIAQQAiADoAMQA4ADgALgAzADEANgAxADMAMAA1ADAAOQAwADkAOQA4ADgALAAiAEIAIgA6ADEAMgAuADEANQAzADIAMQA2ADYAOAA1ADcANgA0ADEAOQAzACwAIgBEACIAOgAzADMAOQAuADYAOQAyADUANgA3ADEAOQA2ADEANwA0ADMALAAiAEMAIgA6ADQANQAuADEAMwAzADMAMwAsACIATgAiADoAIgBoAGUAYQBkAGkAbgBnADEAIgAsACIAQQA\/ACIAOgAiAEsAIgAsACIAYQAiADoAewAiAEEAIgA6AFsAewAiAEEAPwAiADoAIgBBACIALAAiAEEAIgA6ACIAQwBhAHQAZQByAGkAbgBnACAAZQAgAEUAdgBlAG4AdABvAHMAXABuAFAAYQByAHQAaQBjAHUAbABhAHIAZQBzACAAZQAgAEUAbQBwAHIAZQBzAGEAcwBcAG4AIgB9AF0ALAAiAEIAIgA6AFsAewAiAEEAPwAiADoAIgBBACIALAAiAEEAIgA6AHsAIgBmAG8AbgB0AC0AcwBpAHoAZQAiADoAewAiAEIAIgA6ACIAMgAxAC4AMwAzADMAMwAiAH0ALAAiAGwAZQBhAGQAaQBuAGcAIgA6AHsAIgBCACIAOgAiADEAMwAwADAALgAwACIAfQAsACIAZgBvAG4AdAAtAHMAdAB5AGwAZQAiADoAewAiAEIAIgA6ACIAaQB0AGEAbABpAGMAIgB9ACwAIgB0AHIAYQBjAGsAaQBuAGcAIgA6AHsAIgBCACIAOgAiADEAMAAwAC4AMAAiAH0ALAAiAGMAbwBsAG8AcgAiADoAewAiAEIAIgA6ACIAIwA0AGQANQA2ADUAZAAiAH0ALAAiAHMAdAB5AGwAZQAiADoAewAiAEIAIgA6ACIAaABlAGEAZABpAG4AZwAxACIAfQAsACIAZgBvAG4AdAAtAGYAYQBtAGkAbAB5ACIAOgB7ACIAQgAiADoAIgBZAEEARAA3AFEAeQBiAGoAdwAxAEkALAAwACIAfQB9AH0ALAB7ACIAQQA\/ACIAOgAiAEIAIgAsACIAQQAiADoAMgAwAH0ALAB7ACIAQQA\/ACIAOgAiAEEAIgAsACIAQQAiADoAewAiAGYAbwBuAHQALQBmAGEAbQBpAGwAeQAiADoAewAiAEIAIgA6ACIAWQBBAEYAZABKAHQAOABkAEEAWQAwACwAMAAiAH0ALAAiAGYAbwBuAHQALQBzAGkAegBlACIAOgB7ACIAQgAiADoAIgAxADYALgAwADAAMAAxACIAfQB9AH0ALAB7ACIAQQA\/ACIAOgAiAEIAIgAsACIAQQAiADoAMgAyAH0ALAB7ACIAQQA\/ACIAOgAiAEEAIgAsACIAQQAiADoAewAiAHQAZQB4AHQALQB0AHIAYQBuAHMAZgBvAHIAbQAiADoAewAiAEIAIgA6ACIAbgBvAG4AZQAiAH0AfQB9ACwAewAiAEEAPwAiADoAIgBCACIALAAiAEEAIgA6ADEAfQAsAHsAIgBBAD8AIgA6ACIAQQAiACwAIgBBACIAOgB7ACIAdABlAHgAdAAtAHQAcgBhAG4AcwBmAG8AcgBtACIAOgB7AH0ALAAiAGYAbwBuAHQALQBzAGkAegBlACIAOgB7AH0ALAAiAHMAdAB5AGwAZQAiADoAewB9ACwAIgBmAG8AbgB0AC0AZgBhAG0AaQBsAHkAIgA6AHsAfQAsACIAYwBvAGwAbwByACIAOgB7AH0ALAAiAGYAbwBuAHQALQBzAHQAeQBsAGUAIgA6AHsAfQAsACIAbABlAGEAZABpAG4AZwAiADoAewB9ACwAIgB0AHIAYQBjAGsAaQBuAGcAIgA6AHsAfQB9AH0AXQB9ACwAIgBiACIAOgB7ACIAQQAiADoAWwAxADkALAAyADQAXQB9ACwAIgBkACIAOgAiAEMAIgAsACIAZwAiADoAZgBhAGwAcwBlACwAIgBoACIAOgAiAEEAIgB9ACwAewAiAEEAIgA6ADIANAAzAC4ANAA0ADkANAA2ADAANQAwADkAMAA5ADkAOAA4ACwAIgBCACIAOgAxADIALgAwADkAMAA4ADAANQA2ADcAMwAzADMAOQAzADYALAAiAEQAIgA6ADMAMwA5AC4ANgA5ADIANQA2ADcAMQA5ADYAMQA3ADQAMwAsACIAQwAiADoANAA1AC4AMQAzADMAMwAzACwAIgBOACIAOgAiAGgAZQBhAGQAaQBuAGcAMQAiACwAIgBBAD8AIgA6ACIASwAiACwAIgBhACIAOgB7ACIAQQAiADoAWwB7ACIAQQA\/ACIAOgAiAEEAIgAsACIAQQAiADoAIgBNAGUAcgBjAGUAYQByAGkAYQBzAFwAbgBDAG8AbgBzAHUAbAB0AGUAIABvAHMAIABuAG8AcwBzAG8AcwAgAHAAbwBuAHQAbwBzACAAZABlACAAdgBlAG4AZABhAC4AXABuACIAfQBdACwAIgBCACIAOgBbAHsAIgBBAD8AIgA6ACIAQQAiACwAIgBBACIAOgB7ACIAZgBvAG4AdAAtAHMAaQB6AGUAIgA6AHsAIgBCACIAOgAiADIAMQAuADMAMwAzADMAIgB9ACwAIgBsAGUAYQBkAGkAbgBnACIAOgB7ACIAQgAiADoAIgAxADMAMAAwAC4AMAAiAH0ALAAiAGYAbwBuAHQALQBzAHQAeQBsAGUAIgA6AHsAIgBCACIAOgAiAGkAdABhAGwAaQBjACIAfQAsACIAdAByAGEAYwBrAGkAbgBnACIAOgB7ACIAQgAiADoAIgAxADAAMAAuADAAIgB9ACwAIgBjAG8AbABvAHIAIgA6AHsAIgBCACIAOgAiACMANABkADUANgA1AGQAIgB9ACwAIgBmAG8AbgB0AC0AZgBhAG0AaQBsAHkAIgA6AHsAIgBCACIAOgAiAFkAQQBEADcAUQB5AGIAagB3ADEASQAsADAAIgB9ACwAIgBzAHQAeQBsAGUAIgA6AHsAIgBCACIAOgAiAGgAZQBhAGQAaQBuAGcAMQAiAH0AfQB9ACwAewAiAEEAPwAiADoAIgBCACIALAAiAEEAIgA6ADQANgB9ACwAewAiAEEAPwAiADoAIgBBACIALAAiAEEAIgA6AHsAIgBmAG8AbgB0AC0AZgBhAG0AaQBsAHkAIgA6AHsAIgBCACIAOgAiAFkAQQBGAGQASgB0ADgAZABBAFkAMAAsADAAIgB9ACwAIgBmAG8AbgB0AC0AcwBpAHoAZQAiADoAewAiAEIAIgA6ACIAMQA2AC4AMAAwADAAMQAiAH0AfQB9ACwAewAiAEEAPwAiADoAIgBCACIALAAiAEEAIgA6ADEAfQAsAHsAIgBBAD8AIgA6ACIAQQAiACwAIgBBACIAOgB7ACIAZgBvAG4AdAAtAHMAaQB6AGUAIgA6AHsAfQAsACIAbABlAGEAZABpAG4AZwAiADoAewB9ACwAIgBmAG8AbgB0AC0AcwB0AHkAbABlACIAOgB7AH0ALAAiAHQAcgBhAGMAawBpAG4AZwAiADoAewB9ACwAIgBjAG8AbABvAHIAIgA6AHsAfQAsACIAZgBvAG4AdAAtAGYAYQBtAGkAbAB5ACIAOgB7AH0ALAAiAHMAdAB5AGwAZQAiADoAewB9AH0AfQBdAH0ALAAiAGIAIgA6AHsAIgBBACIAOgBbADEAMQAsADMANgBdAH0ALAAiAGQAIgA6ACIAQwAiACwAIgBnACIAOgBmAGEAbABzAGUALAAiAGgAIgA6ACIAQQAiAH0AXQAsACIAQgAiADoAMQAxADIAMgAuADUAMQA5ADYAOAA1ADAAMwA5ADMANwAsACIAQwAiADoANwA5ADMALgA3ADAAMAA3ADgANwA0ADAAMQA1ADcANAA4AH0A\"><\/span><\/p>\n<p><strong>Loja <\/strong><\/p>\n<p><em>F\u00edsica e Online<\/em><\/p>\n<p><strong>Entregas ao domic\u00edlio<\/strong><\/p>\n<p><em>Entregas de segunda a s\u00e1bado, na Grande Lisboa.<\/em><\/p>\n<p><strong>Catering e Eventos<\/strong><\/p>\n<p><em> Particulares e Empresas<\/em><\/p>\n<p><strong>Mercearias<\/strong><\/p>\n<p><em>Consulte os nossos pontos de venda.<\/em><\/p>\n<\/div>\n<p>&nbsp;<\/p>\n<p>[\/et_pb_text][\/et_pb_column][et_pb_column type=&#8221;3_5&#8243; _builder_version=&#8221;4.16&#8243; custom_padding=&#8221;80px|||&#8221; global_colors_info=&#8221;{}&#8221; custom_padding__hover=&#8221;|||&#8221;][et_pb_text _builder_version=&#8221;4.16&#8243; text_font=&#8221;||||||||&#8221; text_line_height=&#8221;2em&#8221; header_font=&#8221;||||||||&#8221; header_2_font=&#8221;Open Sans|800|||||||&#8221; header_2_font_size=&#8221;36px&#8221; header_2_line_height=&#8221;1.4em&#8221; header_3_font=&#8221;||||||||&#8221; header_4_font=&#8221;Patua One|||on|||||&#8221; header_4_text_color=&#8221;#a06d51&#8243; header_4_font_size=&#8221;14px&#8221; header_4_letter_spacing=&#8221;1px&#8221; header_4_line_height=&#8221;1.4em&#8221; header_2_font_size_tablet=&#8221;26px&#8221; header_2_font_size_phone=&#8221;20px&#8221; header_2_font_size_last_edited=&#8221;on|phone&#8221; locked=&#8221;off&#8221; global_colors_info=&#8221;{}&#8221;]<\/p>\n<h2>A nossa miss\u00e3o<\/h2>\n<p>&nbsp;<\/p>\n<p>[\/et_pb_text][et_pb_blurb icon_placement=&#8221;left&#8221; image_icon_width=&#8221;80px&#8221; image_icon_width_tablet=&#8221;80px&#8221; image_icon_width_phone=&#8221;50px&#8221; image_icon_width_last_edited=&#8221;on|phone&#8221; _builder_version=&#8221;4.27.2&#8243; header_font=&#8221;Patua One||||||||&#8221; header_font_size=&#8221;16px&#8221; header_line_height=&#8221;1.4em&#8221; body_line_height=&#8221;1.9em&#8221; max_width=&#8221;500px&#8221; custom_padding=&#8221;30px|30px|30px|30px|true|true&#8221; animation=&#8221;off&#8221; link_option_url=&#8221;#&#8221; border_width_all=&#8221;1px&#8221; border_color_all=&#8221;rgba(0,0,0,0.12)&#8221; box_shadow_style=&#8221;preset1&#8243; box_shadow_vertical=&#8221;0px&#8221; box_shadow_blur=&#8221;0px&#8221; box_shadow_color=&#8221;rgba(0,0,0,0.11)&#8221; image_max_width=&#8221;80px&#8221; image_max_width_tablet=&#8221;&#8221; image_max_width_phone=&#8221;50px&#8221; image_max_width_last_edited=&#8221;on|phone&#8221; locked=&#8221;off&#8221; global_colors_info=&#8221;{}&#8221; box_shadow_blur__hover=&#8221;60px&#8221; box_shadow_blur__hover_enabled=&#8221;on&#8221;]<\/p>\n<p class=\"cvGsUA direction-ltr align-justify para-style-body\"><strong><span class=\"OYPEnA font-feature-liga-off font-feature-clig-off font-feature-calt-off text-decoration-none text-strikethrough-none\">Receitas<\/span><span class=\"OYPEnA font-feature-liga-off font-feature-clig-off font-feature-calt-off text-decoration-none text-strikethrough-none\"> <\/span><span class=\"OYPEnA font-feature-liga-off font-feature-clig-off font-feature-calt-off text-decoration-none text-strikethrough-none\">Tradicionais e Saud\u00e1veis<\/span><\/strong><\/p>\n<p class=\"cvGsUA direction-ltr align-justify para-style-body\"><span class=\"OYPEnA font-feature-liga-off font-feature-clig-off font-feature-calt-off text-decoration-none text-strikethrough-none\">Orgulhamo-nos da qualidade dos ingredientes que utilizamos, da confec\u00e7\u00e3o com n\u00edveis de exig\u00eancia que preservam os sabores das receitas tradicionais, que os nossos Clientes gostam.<\/span><\/p>\n<p class=\"cvGsUA direction-ltr align-justify para-style-body\"><strong><span class=\"OYPEnA font-feature-liga-off font-feature-clig-off font-feature-calt-off text-decoration-none text-strikethrough-none\">Refei\u00e7\u00f5es \u00e0 Medida e Funcionais<\/span><\/strong><\/p>\n<p class=\"cvGsUA direction-ltr align-justify para-style-body\"><span class=\"OYPEnA font-feature-liga-off font-feature-clig-off font-feature-calt-off text-decoration-none text-strikethrough-none\">No seu dia a dia, com as nossas refei\u00e7\u00f5es ultracongeladas e\/ou pronto a comer, simplificamos a sua vida. Estamos presentes nos seus momentos mais importantes, desde o jantar de Natal, aos anivers\u00e1rios, ao coffee break, brunch, almo\u00e7os ou eventos em sua casa ou empresa.<\/span><\/p>\n<p class=\"cvGsUA direction-ltr align-justify para-style-body\"><strong><span class=\"OYPEnA font-feature-liga-off font-feature-clig-off font-feature-calt-off text-decoration-none text-strikethrough-none\">Entregas Pessoais e com Originalidade<\/span><\/strong><\/p>\n<p class=\"cvGsUA direction-ltr align-justify para-style-body\"><span class=\"OYPEnA white-space-prewrap font-feature-liga-off font-feature-clig-off font-feature-calt-off text-decoration-none text-strikethrough-none\"> <\/span><span class=\"OYPEnA font-feature-liga-off font-feature-clig-off font-feature-calt-off text-decoration-none text-strikethrough-none\">Levamos o seu pedido em m\u00e3os e adoramos ver a felicidade de quem recebe. Garantimos a qualidade desde a confe\u00e7\u00e3o at\u00e9 \u00e0 entrega, numa experi\u00eancia saborosa e caseira.<\/span><\/p>\n<p class=\"cvGsUA direction-ltr align-justify para-style-body\"><span class=\"OYPEnA font-feature-liga-off font-feature-clig-off font-feature-calt-off text-decoration-none text-strikethrough-none\"><\/span><\/p>\n<p style=\"text-align: center;\">Juntos \u00e0 sua mesa em todos os momentos!<\/p>\n<p>[\/et_pb_blurb][et_pb_image src=&#8221;http:\/\/aquinaocomes.pt\/lisboa\/wp-content\/uploads\/2025\/09\/PHOTO-2025-07-15-22-32-48.jpg&#8221; title_text=&#8221;PHOTO-2025-07-15-22-32-48&#8243; align_tablet=&#8221;center&#8221; align_phone=&#8221;&#8221; align_last_edited=&#8221;on|desktop&#8221; _builder_version=&#8221;4.27.4&#8243; max_width_tablet=&#8221;400px&#8221; max_width_phone=&#8221;&#8221; max_width_last_edited=&#8221;on|tablet&#8221; custom_margin=&#8221;|-8vw||&#8221; hover_enabled=&#8221;0&#8243; global_colors_info=&#8221;{}&#8221; sticky_enabled=&#8221;0&#8243;][\/et_pb_image][\/et_pb_column][\/et_pb_row][\/et_pb_section][et_pb_section fb_built=&#8221;1&#8243; fullwidth=&#8221;on&#8221; _builder_version=&#8221;4.16&#8243; _module_preset=&#8221;default&#8221; global_colors_info=&#8221;{}&#8221;][et_pb_fullwidth_slider _builder_version=&#8221;4.27.2&#8243; _module_preset=&#8221;default&#8221; background_blend=&#8221;multiply&#8221; animation_style=&#8221;fade&#8221; auto=&#8221;on&#8221; auto_speed=&#8221;6000&#8243; global_colors_info=&#8221;{}&#8221;][et_pb_slide heading=&#8221;Qualidade e tradi\u00e7\u00e3o&#8230;&#8221; _builder_version=&#8221;4.16&#8243; _module_preset=&#8221;default&#8221; background_color=&#8221;#000000&#8243; background_enable_color=&#8221;on&#8221; use_background_color_gradient=&#8221;on&#8221; background_color_gradient_stops=&#8221;#000000 0%|rgba(0,0,0,0) 100%&#8221; background_color_gradient_start=&#8221;#000000&#8243; background_color_gradient_end=&#8221;rgba(0,0,0,0)&#8221; background_image=&#8221;http:\/\/aquinaocomes.pt\/lisboa\/wp-content\/uploads\/2020\/07\/pexels-photo-784633.jpeg&#8221; background_enable_image=&#8221;on&#8221; background_position=&#8221;top_center&#8221; background_blend=&#8221;multiply&#8221; global_colors_info=&#8221;{}&#8221; sticky_transition=&#8221;on&#8221;][\/et_pb_slide][et_pb_slide heading=&#8221;Todas as nossas refei\u00e7\u00f5es s\u00e3o confeccionadas com os ingredientes mais frescos!&#8221; _builder_version=&#8221;4.16&#8243; _module_preset=&#8221;default&#8221; background_enable_color=&#8221;off&#8221; use_background_color_gradient=&#8221;on&#8221; background_color_gradient_stops=&#8221;#000000 0%|rgba(0,0,0,0.65) 100%&#8221; background_color_gradient_start=&#8221;#000000&#8243; background_color_gradient_end=&#8221;rgba(0,0,0,0.65)&#8221; background_image=&#8221;http:\/\/aquinaocomes.pt\/lisboa\/wp-content\/uploads\/2020\/07\/olive-oil-salad-dressing-cooking-olive-scaled.jpg&#8221; background_enable_image=&#8221;on&#8221; global_colors_info=&#8221;{}&#8221; sticky_transition=&#8221;on&#8221;][\/et_pb_slide][et_pb_slide heading=&#8221;Delicie-se com uma refei\u00e7\u00e3o de sabor \u00fanico&#8230; a Receita Original!&#8221; _builder_version=&#8221;4.16&#8243; _module_preset=&#8221;default&#8221; background_enable_color=&#8221;off&#8221; use_background_color_gradient=&#8221;on&#8221; background_color_gradient_stops=&#8221;#000000 0%|rgba(0,0,0,0.65) 100%&#8221; background_color_gradient_start=&#8221;#000000&#8243; background_color_gradient_end=&#8221;rgba(0,0,0,0.65)&#8221; background_image=&#8221;http:\/\/aquinaocomes.pt\/lisboa\/wp-content\/uploads\/2020\/06\/lisbon-food-arroz-con-marisco.jpg&#8221; background_enable_image=&#8221;on&#8221; global_colors_info=&#8221;{}&#8221; sticky_transition=&#8221;on&#8221;][\/et_pb_slide][\/et_pb_fullwidth_slider][\/et_pb_section]<\/p>\n","protected":false},"excerpt":{"rendered":"<p>Bem-Vindo aoOs nossos servi\u00e7os Loja F\u00edsica e Online Entregas ao domic\u00edlio Entregas de segunda a s\u00e1bado, na Grande Lisboa. Catering e Eventos Particulares e Empresas Mercearias Consulte os nossos pontos de venda. &nbsp;A nossa miss\u00e3o &nbsp;Receitas Tradicionais e Saud\u00e1veis Orgulhamo-nos da qualidade dos ingredientes que utilizamos, da confec\u00e7\u00e3o com n\u00edveis de exig\u00eancia que preservam os [&hellip;]<\/p>\n","protected":false},"author":1,"featured_media":0,"parent":0,"menu_order":0,"comment_status":"closed","ping_status":"closed","template":"","meta":{"_et_pb_use_builder":"on","_et_pb_old_content":"","_et_gb_content_width":"","inline_featured_image":false},"_links":{"self":[{"href":"http:\/\/aquinaocomes.pt\/lisboa\/wp-json\/wp\/v2\/pages\/13"}],"collection":[{"href":"http:\/\/aquinaocomes.pt\/lisboa\/wp-json\/wp\/v2\/pages"}],"about":[{"href":"http:\/\/aquinaocomes.pt\/lisboa\/wp-json\/wp\/v2\/types\/page"}],"author":[{"embeddable":true,"href":"http:\/\/aquinaocomes.pt\/lisboa\/wp-json\/wp\/v2\/users\/1"}],"replies":[{"embeddable":true,"href":"http:\/\/aquinaocomes.pt\/lisboa\/wp-json\/wp\/v2\/comments?post=13"}],"version-history":[{"count":47,"href":"http:\/\/aquinaocomes.pt\/lisboa\/wp-json\/wp\/v2\/pages\/13\/revisions"}],"predecessor-version":[{"id":1301,"href":"http:\/\/aquinaocomes.pt\/lisboa\/wp-json\/wp\/v2\/pages\/13\/revisions\/1301"}],"wp:attachment":[{"href":"http:\/\/aquinaocomes.pt\/lisboa\/wp-json\/wp\/v2\/media?parent=13"}],"curies":[{"name":"wp","href":"https:\/\/api.w.org\/{rel}","templated":true}]}}